{"id":3,"date":"2025-03-05T09:13:08","date_gmt":"2025-03-05T09:13:08","guid":{"rendered":"https:\/\/lopar-apartman.com\/?page_id=3"},"modified":"2025-03-05T14:37:58","modified_gmt":"2025-03-05T13:37:58","slug":"pravila-privatnosti","status":"publish","type":"page","link":"https:\/\/lopar-apartman.com\/de\/pravila-privatnosti\/","title":{"rendered":"Datenschutz"},"content":{"rendered":"<h2 class=\"wp-block-heading\">Cookie-Richtlinie f\u00fcr die Website https:\/\/lopar-apartman.com<\/h2>\n\n\n\n<p><\/p>\n\n\n\n<h2 class=\"wp-block-heading\"><\/h2>\n\n\n\n<p>Wir sch\u00e4tzen Ihre Privatsph\u00e4re und verpflichten uns, Ihre pers\u00f6nlichen Daten zu sch\u00fctzen.&nbsp;&nbsp;<\/p>\n\n\n\n<ol class=\"wp-block-list\">\n<li>Informationen, die wir sammeln<\/li>\n<\/ol>\n\n\n\n<p>Wir erfassen personenbezogene Daten auf verschiedene Weise, wenn Sie unsere Website nutzen:<\/p>\n\n\n\n<p>Kontaktformular: Wenn Sie das Kontaktformular auf unserer Website ausf\u00fcllen, erfassen wir die von Ihnen bereitgestellten Informationen, einschlie\u00dflich Ihres Namens, Ihrer E-Mail-Adresse und aller weiteren Angaben, die Sie in Ihre Nachricht aufnehmen.<\/p>\n\n\n\n<ol start=\"2\" class=\"wp-block-list\">\n<li>Wie wir Ihre Daten verwenden<\/li>\n<\/ol>\n\n\n\n<p>Wir verwenden Ihre personenbezogenen Daten f\u00fcr folgende Zwecke:<\/p>\n\n\n\n<p>Kommunikation: Um auf Ihre Anfragen oder Anforderungen zu antworten, die Sie \u00fcber das Kontaktformular \u00fcbermitteln.<\/p>\n\n\n\n<ol start=\"3\" class=\"wp-block-list\">\n<li>Cookies<\/li>\n<\/ol>\n\n\n\n<p>Unsere Website verwendet Cookies, um Ihr Benutzererlebnis zu verbessern, einschlie\u00dflich f\u00fcr Werbezwecke. Cookies sind kleine Textdateien, die auf Ihrem Ger\u00e4t gespeichert werden. Google verwendet Cookies, um die Wirksamkeit von Anzeigen zu verfolgen und um Anzeigen basierend auf Ihren Interessen zu personalisieren.<\/p>\n\n\n\n<p>Sie k\u00f6nnen Ihre Cookie-Einstellungen \u00fcber Ihren Browser steuern und auch Cookies blockieren. Das Deaktivieren von Cookies kann jedoch die Funktionalit\u00e4t unserer Dienste beeintr\u00e4chtigen.<\/p>\n\n\n\n<ol start=\"4\" class=\"wp-block-list\">\n<li>Weitergabe Ihrer Daten<\/li>\n<\/ol>\n\n\n\n<p>Ihre Daten werden nicht verkauft, vermietet oder mit Dritten geteilt, es sei denn, dies ist zur Erbringung von Dienstleistungen erforderlich oder wir sind gesetzlich dazu verpflichtet.<\/p>\n\n\n\n<ol start=\"5\" class=\"wp-block-list\">\n<li>Datensicherheit<\/li>\n<\/ol>\n\n\n\n<p>Wir ergreifen angemessene Sicherheitsma\u00dfnahmen, um Ihre personenbezogenen Daten vor unbefugtem Zugriff, Nutzung oder Offenlegung zu sch\u00fctzen. Obwohl wir alle Anstrengungen unternehmen, um Ihre Daten zu sch\u00fctzen, beachten Sie bitte, dass keine Methode der Daten\u00fcbertragung im Internet vollst\u00e4ndig sicher ist.<\/p>\n\n\n\n<ol start=\"6\" class=\"wp-block-list\">\n<li>Prava korisnika<\/li>\n<\/ol>\n\n\n\n<p>Imate pravo na pristup, ispravak, prijenos ili brisanje va\u0161ih osobnih podataka. Ako \u017eelite ostvariti svoja prava ili imate pitanja u vezi s obradom podataka, slobodno nas kontaktirajte.<\/p>\n\n\n\n<ol start=\"7\" class=\"wp-block-list\">\n<li>\u00c4nderungen der Datenschutzrichtlinie<\/li>\n<\/ol>\n\n\n\n<p>Wir behalten uns das Recht vor, diese Cookie-Richtlinie zu \u00e4ndern. Alle \u00c4nderungen werden auf dieser Seite ver\u00f6ffentlicht, und das Datum der letzten Aktualisierung wird entsprechend angepasst.<\/p>\n\n\n\n<ol start=\"8\" class=\"wp-block-list\">\n<li>Kontakt<\/li>\n<\/ol>\n\n\n\n<p>Wenn Sie Fragen zu dieser Datenschutzrichtlinie oder zu der Art und Weise haben, wie wir Ihre personenbezogenen Daten verarbeiten, k\u00f6nnen Sie uns gerne unter folgender Adresse kontaktieren:<\/p>\n\n\n\n<p>smjestaj@lopar-apartman.com<\/p>\n\n\n\n<p>+385 91 209 7994<\/p>","protected":false},"excerpt":{"rendered":"<p>Ovo je Politika privatnosti na web stranicama https:\/\/lopar-apartman.com. Cijenimo va\u0161u privatnost i posve\u0107eni smo za\u0161titi va\u0161ih osobnih podataka.&nbsp;&nbsp; Prikupljamo osobne podatke na nekoliko na\u010dina kada koristite na\u0161u web stranicu: Kontakt obrazac: Kada ispunite kontakt obrazac na na\u0161oj web stranici, prikupljamo informacije koje pru\u017eite, uklju\u010duju\u0107i va\u0161e ime, e-mail adresu i druge informacije koje uklju\u010dite u poruku. [&hellip;]<\/p>","protected":false},"author":1,"featured_media":0,"parent":0,"menu_order":0,"comment_status":"closed","ping_status":"closed","template":"","meta":{"site-sidebar-layout":"default","site-content-layout":"","ast-site-content-layout":"default","site-content-style":"default","site-sidebar-style":"default","ast-global-header-display":"","ast-banner-title-visibility":"","ast-main-header-display":"","ast-hfb-above-header-display":"","ast-hfb-below-header-display":"","ast-hfb-mobile-header-display":"","site-post-title":"","ast-breadcrumbs-content":"","ast-featured-img":"","footer-sml-layout":"","ast-disable-related-posts":"","theme-transparent-header-meta":"","adv-header-id-meta":"","stick-header-meta":"","header-above-stick-meta":"","header-main-stick-meta":"","header-below-stick-meta":"","astra-migrate-meta-layouts":"set","ast-page-background-enabled":"default","ast-page-background-meta":{"desktop":{"background-color":"","background-image":"","background-repeat":"repeat","background-position":"center center","background-size":"auto","background-attachment":"scroll","background-type":"","background-media":"","overlay-type":"","overlay-color":"","overlay-opacity":"","overlay-gradient":""},"tablet":{"background-color":"","background-image":"","background-repeat":"repeat","background-position":"center center","background-size":"auto","background-attachment":"scroll","background-type":"","background-media":"","overlay-type":"","overlay-color":"","overlay-opacity":"","overlay-gradient":""},"mobile":{"background-color":"","background-image":"","background-repeat":"repeat","background-position":"center center","background-size":"auto","background-attachment":"scroll","background-type":"","background-media":"","overlay-type":"","overlay-color":"","overlay-opacity":"","overlay-gradient":""}},"ast-content-background-meta":{"desktop":{"background-color":"var(--ast-global-color-5)","background-image":"","background-repeat":"repeat","background-position":"center center","background-size":"auto","background-attachment":"scroll","background-type":"","background-media":"","overlay-type":"","overlay-color":"","overlay-opacity":"","overlay-gradient":""},"tablet":{"background-color":"var(--ast-global-color-5)","background-image":"","background-repeat":"repeat","background-position":"center center","background-size":"auto","background-attachment":"scroll","background-type":"","background-media":"","overlay-type":"","overlay-color":"","overlay-opacity":"","overlay-gradient":""},"mobile":{"background-color":"var(--ast-global-color-5)","background-image":"","background-repeat":"repeat","background-position":"center center","background-size":"auto","background-attachment":"scroll","background-type":"","background-media":"","overlay-type":"","overlay-color":"","overlay-opacity":"","overlay-gradient":""}},"slim_seo":{"title":"Pravila privatnosti - Apartmani Peti Lopar","description":"Ovo je Politika privatnosti na web stranicama https:\/\/lopar-apartman.com. Cijenimo va\u0161u privatnost i posve\u0107eni smo za\u0161titi va\u0161ih osobnih podataka.&nbsp;&nbsp; P"},"footnotes":""},"class_list":["post-3","page","type-page","status-publish","hentry"],"_links":{"self":[{"href":"https:\/\/lopar-apartman.com\/de\/wp-json\/wp\/v2\/pages\/3","targetHints":{"allow":["GET"]}}],"collection":[{"href":"https:\/\/lopar-apartman.com\/de\/wp-json\/wp\/v2\/pages"}],"about":[{"href":"https:\/\/lopar-apartman.com\/de\/wp-json\/wp\/v2\/types\/page"}],"author":[{"embeddable":true,"href":"https:\/\/lopar-apartman.com\/de\/wp-json\/wp\/v2\/users\/1"}],"replies":[{"embeddable":true,"href":"https:\/\/lopar-apartman.com\/de\/wp-json\/wp\/v2\/comments?post=3"}],"version-history":[{"count":1,"href":"https:\/\/lopar-apartman.com\/de\/wp-json\/wp\/v2\/pages\/3\/revisions"}],"predecessor-version":[{"id":5874,"href":"https:\/\/lopar-apartman.com\/de\/wp-json\/wp\/v2\/pages\/3\/revisions\/5874"}],"wp:attachment":[{"href":"https:\/\/lopar-apartman.com\/de\/wp-json\/wp\/v2\/media?parent=3"}],"curies":[{"name":"wp","href":"https:\/\/api.w.org\/{rel}","templated":true}]}}