{"id":849,"date":"2025-03-05T14:48:14","date_gmt":"2025-03-05T13:48:14","guid":{"rendered":"https:\/\/lopar-apartman.com\/?page_id=849"},"modified":"2025-03-05T14:48:14","modified_gmt":"2025-03-05T13:48:14","slug":"pravila-o-kolacicima","status":"publish","type":"page","link":"https:\/\/lopar-apartman.com\/de\/pravila-o-kolacicima\/","title":{"rendered":"Cookie-Richtlinie"},"content":{"rendered":"<p>Cookie-Richtlinie f\u00fcr die Website https:\/\/lopar-apartman.com<\/p>\n\n\n\n<ol class=\"wp-block-list\">\n<li>Was sind Cookies?<\/li>\n<\/ol>\n\n\n\n<p>Cookies sind kleine Textdateien, die auf Ihrem Ger\u00e4t gespeichert werden, wenn Sie unsere Website besuchen. Cookies erm\u00f6glichen es unserer Website, sich Ihre Aktionen und Einstellungen \u00fcber einen bestimmten Zeitraum zu merken und Ihr Nutzungserlebnis schneller und angenehmer zu gestalten.<\/p>\n\n\n\n<ol start=\"2\" class=\"wp-block-list\">\n<li>Arten von Cookies, die wir verwenden<\/li>\n<\/ol>\n\n\n\n<p>Auf unserer Website verwenden wir folgende Arten von Cookies:<\/p>\n\n\n\n<p>Cookies f\u00fcr notwendige Funktionalit\u00e4t:\nDiese Cookies erm\u00f6glichen grundlegende Funktionen der Website, wie Navigation und Sicherheitsfunktionen. Ohne diese Cookies k\u00f6nnte die Website nicht ordnungsgem\u00e4\u00df funktionieren.<\/p>\n\n\n\n<ol start=\"3\" class=\"wp-block-list\">\n<li>Wie man Cookies kontrolliert<\/li>\n<\/ol>\n\n\n\n<p>Beim Besuch unserer Website werden Sie \u00fcber die Verwendung von Cookies durch einen Cookie-Hinweis informiert. Sie k\u00f6nnen Ihre Cookie-Einstellungen in Ihrem Browser verwalten und entscheiden, ob Sie Cookies akzeptieren oder deaktivieren m\u00f6chten. Bitte beachten Sie, dass das Deaktivieren von Cookies die Funktionalit\u00e4t der Website beeintr\u00e4chtigen kann.<\/p>\n\n\n\n<ol start=\"4\" class=\"wp-block-list\">\n<li>Cookies von Drittanbietern:<br>Google Maps<br>WPForms<br>Soziale Netzwerke<br>Wp optimize<\/li>\n\n\n\n<li>\u00c4nderungen der Cookie-Richtlinie<\/li>\n<\/ol>\n\n\n\n<p>Wir behalten uns das Recht vor, diese Cookie-Richtlinie zu \u00e4ndern. Alle \u00c4nderungen werden auf dieser Seite ver\u00f6ffentlicht, und das Datum der letzten Aktualisierung wird entsprechend angepasst.<\/p>\n\n\n\n<ol start=\"6\" class=\"wp-block-list\">\n<li>Kontakt<\/li>\n<\/ol>\n\n\n\n<p>Wenn Sie Fragen zu unserer Cookie-Richtlinie haben, k\u00f6nnen Sie uns gerne kontaktieren unter:<br>smjestaj@lopar-apartman.com<br>00385 91 209 7994<\/p>\n\n\n\n<p><\/p>","protected":false},"excerpt":{"rendered":"<p>Ovo je Pravila o kola\u010di\u0107ima na web stranicama https:\/\/lopar-apartman.com. Kola\u010di\u0107i su male tekstualne datoteke koje se pohranjuju na va\u0161em ure\u0111aju kada posjetite na\u0161u web stranicu. Kola\u010di\u0107i omogu\u0107uju na\u0161oj web stranici da &#8220;pamti&#8221; va\u0161e radnje i postavke tijekom vremena, \u010dine\u0107i va\u0161e iskustvo na web stranici br\u017eim i ugodnijim. Na na\u0161oj web stranici koristimo sljede\u0107e vrste kola\u010di\u0107a: [&hellip;]<\/p>","protected":false},"author":1,"featured_media":0,"parent":0,"menu_order":0,"comment_status":"closed","ping_status":"closed","template":"","meta":{"site-sidebar-layout":"default","site-content-layout":"","ast-site-content-layout":"default","site-content-style":"default","site-sidebar-style":"default","ast-global-header-display":"","ast-banner-title-visibility":"","ast-main-header-display":"","ast-hfb-above-header-display":"","ast-hfb-below-header-display":"","ast-hfb-mobile-header-display":"","site-post-title":"","ast-breadcrumbs-content":"","ast-featured-img":"","footer-sml-layout":"","ast-disable-related-posts":"","theme-transparent-header-meta":"","adv-header-id-meta":"","stick-header-meta":"","header-above-stick-meta":"","header-main-stick-meta":"","header-below-stick-meta":"","astra-migrate-meta-layouts":"set","ast-page-background-enabled":"default","ast-page-background-meta":{"desktop":{"background-color":"","background-image":"","background-repeat":"repeat","background-position":"center center","background-size":"auto","background-attachment":"scroll","background-type":"","background-media":"","overlay-type":"","overlay-color":"","overlay-opacity":"","overlay-gradient":""},"tablet":{"background-color":"","background-image":"","background-repeat":"repeat","background-position":"center center","background-size":"auto","background-attachment":"scroll","background-type":"","background-media":"","overlay-type":"","overlay-color":"","overlay-opacity":"","overlay-gradient":""},"mobile":{"background-color":"","background-image":"","background-repeat":"repeat","background-position":"center center","background-size":"auto","background-attachment":"scroll","background-type":"","background-media":"","overlay-type":"","overlay-color":"","overlay-opacity":"","overlay-gradient":""}},"ast-content-background-meta":{"desktop":{"background-color":"var(--ast-global-color-5)","background-image":"","background-repeat":"repeat","background-position":"center center","background-size":"auto","background-attachment":"scroll","background-type":"","background-media":"","overlay-type":"","overlay-color":"","overlay-opacity":"","overlay-gradient":""},"tablet":{"background-color":"var(--ast-global-color-5)","background-image":"","background-repeat":"repeat","background-position":"center center","background-size":"auto","background-attachment":"scroll","background-type":"","background-media":"","overlay-type":"","overlay-color":"","overlay-opacity":"","overlay-gradient":""},"mobile":{"background-color":"var(--ast-global-color-5)","background-image":"","background-repeat":"repeat","background-position":"center center","background-size":"auto","background-attachment":"scroll","background-type":"","background-media":"","overlay-type":"","overlay-color":"","overlay-opacity":"","overlay-gradient":""}},"slim_seo":{"title":"Pravila o kola\u010di\u0107ima - Apartmani Peti Lopar","description":"Ovo je Pravila o kola\u010di\u0107ima na web stranicama https:\/\/lopar-apartman.com. Kola\u010di\u0107i su male tekstualne datoteke koje se pohranjuju na va\u0161em ure\u0111aju kada posjetit"},"footnotes":""},"class_list":["post-849","page","type-page","status-publish","hentry"],"_links":{"self":[{"href":"https:\/\/lopar-apartman.com\/de\/wp-json\/wp\/v2\/pages\/849","targetHints":{"allow":["GET"]}}],"collection":[{"href":"https:\/\/lopar-apartman.com\/de\/wp-json\/wp\/v2\/pages"}],"about":[{"href":"https:\/\/lopar-apartman.com\/de\/wp-json\/wp\/v2\/types\/page"}],"author":[{"embeddable":true,"href":"https:\/\/lopar-apartman.com\/de\/wp-json\/wp\/v2\/users\/1"}],"replies":[{"embeddable":true,"href":"https:\/\/lopar-apartman.com\/de\/wp-json\/wp\/v2\/comments?post=849"}],"version-history":[{"count":0,"href":"https:\/\/lopar-apartman.com\/de\/wp-json\/wp\/v2\/pages\/849\/revisions"}],"wp:attachment":[{"href":"https:\/\/lopar-apartman.com\/de\/wp-json\/wp\/v2\/media?parent=849"}],"curies":[{"name":"wp","href":"https:\/\/api.w.org\/{rel}","templated":true}]}}