{"id":849,"date":"2025-03-05T14:48:14","date_gmt":"2025-03-05T13:48:14","guid":{"rendered":"https:\/\/lopar-apartman.com\/?page_id=849"},"modified":"2025-03-05T14:48:14","modified_gmt":"2025-03-05T13:48:14","slug":"pravila-o-kolacicima","status":"publish","type":"page","link":"https:\/\/lopar-apartman.com\/en\/pravila-o-kolacicima\/","title":{"rendered":"Cookie Policy"},"content":{"rendered":"<p>Cookie Policy for the Website https:\/\/lopar-apartman.com<\/p>\n\n\n\n<ol class=\"wp-block-list\">\n<li>What Are Cookies?<\/li>\n<\/ol>\n\n\n\n<p>Cookies are small text files that are stored on your device when you visit our website. Cookies allow our website to \"remember\" your actions and settings over time, making your experience on the site faster and more pleasant.<\/p>\n\n\n\n<ol start=\"2\" class=\"wp-block-list\">\n<li>Types of Cookies We Use<\/li>\n<\/ol>\n\n\n\n<p>On our website, we use the following types of cookies:<\/p>\n\n\n\n<p>Essential Functionality Cookies:\nThese cookies enable basic website functions, such as navigation and security features. Without these cookies, the website would not function properly.<\/p>\n\n\n\n<ol start=\"3\" class=\"wp-block-list\">\n<li>How to Control Cookies<\/li>\n<\/ol>\n\n\n\n<p>When you visit our website, you will be informed about the use of cookies through a cookie notice. You can manage your cookie settings in your browser and choose whether to accept or disable cookies. Please note that disabling cookies may affect the functionality of the website.<\/p>\n\n\n\n<ol start=\"4\" class=\"wp-block-list\">\n<li>Third-Party Cookies:<br>Google Maps<br>WPForms<br>Social Media<br>Wp optimize<\/li>\n\n\n\n<li>Changes to the Cookie Policy<\/li>\n<\/ol>\n\n\n\n<p>We reserve the right to modify this Cookie Policy. Any changes will be posted on this page, and the date of the last update will be adjusted accordingly.<\/p>\n\n\n\n<ol start=\"6\" class=\"wp-block-list\">\n<li>Contact<\/li>\n<\/ol>\n\n\n\n<p>f you have any questions regarding our Cookie Policy, please feel free to contact us at:<br>smjestaj@lopar-apartman.com<br>00385 91 209 7994<\/p>\n\n\n\n<p><\/p>","protected":false},"excerpt":{"rendered":"<p>Ovo je Pravila o kola\u010di\u0107ima na web stranicama https:\/\/lopar-apartman.com. Kola\u010di\u0107i su male tekstualne datoteke koje se pohranjuju na va\u0161em ure\u0111aju kada posjetite na\u0161u web stranicu. Kola\u010di\u0107i omogu\u0107uju na\u0161oj web stranici da &#8220;pamti&#8221; va\u0161e radnje i postavke tijekom vremena, \u010dine\u0107i va\u0161e iskustvo na web stranici br\u017eim i ugodnijim. Na na\u0161oj web stranici koristimo sljede\u0107e vrste kola\u010di\u0107a: [&hellip;]<\/p>","protected":false},"author":1,"featured_media":0,"parent":0,"menu_order":0,"comment_status":"closed","ping_status":"closed","template":"","meta":{"site-sidebar-layout":"default","site-content-layout":"","ast-site-content-layout":"default","site-content-style":"default","site-sidebar-style":"default","ast-global-header-display":"","ast-banner-title-visibility":"","ast-main-header-display":"","ast-hfb-above-header-display":"","ast-hfb-below-header-display":"","ast-hfb-mobile-header-display":"","site-post-title":"","ast-breadcrumbs-content":"","ast-featured-img":"","footer-sml-layout":"","ast-disable-related-posts":"","theme-transparent-header-meta":"","adv-header-id-meta":"","stick-header-meta":"","header-above-stick-meta":"","header-main-stick-meta":"","header-below-stick-meta":"","astra-migrate-meta-layouts":"set","ast-page-background-enabled":"default","ast-page-background-meta":{"desktop":{"background-color":"","background-image":"","background-repeat":"repeat","background-position":"center center","background-size":"auto","background-attachment":"scroll","background-type":"","background-media":"","overlay-type":"","overlay-color":"","overlay-opacity":"","overlay-gradient":""},"tablet":{"background-color":"","background-image":"","background-repeat":"repeat","background-position":"center center","background-size":"auto","background-attachment":"scroll","background-type":"","background-media":"","overlay-type":"","overlay-color":"","overlay-opacity":"","overlay-gradient":""},"mobile":{"background-color":"","background-image":"","background-repeat":"repeat","background-position":"center center","background-size":"auto","background-attachment":"scroll","background-type":"","background-media":"","overlay-type":"","overlay-color":"","overlay-opacity":"","overlay-gradient":""}},"ast-content-background-meta":{"desktop":{"background-color":"var(--ast-global-color-5)","background-image":"","background-repeat":"repeat","background-position":"center center","background-size":"auto","background-attachment":"scroll","background-type":"","background-media":"","overlay-type":"","overlay-color":"","overlay-opacity":"","overlay-gradient":""},"tablet":{"background-color":"var(--ast-global-color-5)","background-image":"","background-repeat":"repeat","background-position":"center center","background-size":"auto","background-attachment":"scroll","background-type":"","background-media":"","overlay-type":"","overlay-color":"","overlay-opacity":"","overlay-gradient":""},"mobile":{"background-color":"var(--ast-global-color-5)","background-image":"","background-repeat":"repeat","background-position":"center center","background-size":"auto","background-attachment":"scroll","background-type":"","background-media":"","overlay-type":"","overlay-color":"","overlay-opacity":"","overlay-gradient":""}},"slim_seo":{"title":"Pravila o kola\u010di\u0107ima - Apartmani Peti Lopar","description":"Ovo je Pravila o kola\u010di\u0107ima na web stranicama https:\/\/lopar-apartman.com. Kola\u010di\u0107i su male tekstualne datoteke koje se pohranjuju na va\u0161em ure\u0111aju kada posjetit"},"footnotes":""},"class_list":["post-849","page","type-page","status-publish","hentry"],"_links":{"self":[{"href":"https:\/\/lopar-apartman.com\/en\/wp-json\/wp\/v2\/pages\/849","targetHints":{"allow":["GET"]}}],"collection":[{"href":"https:\/\/lopar-apartman.com\/en\/wp-json\/wp\/v2\/pages"}],"about":[{"href":"https:\/\/lopar-apartman.com\/en\/wp-json\/wp\/v2\/types\/page"}],"author":[{"embeddable":true,"href":"https:\/\/lopar-apartman.com\/en\/wp-json\/wp\/v2\/users\/1"}],"replies":[{"embeddable":true,"href":"https:\/\/lopar-apartman.com\/en\/wp-json\/wp\/v2\/comments?post=849"}],"version-history":[{"count":0,"href":"https:\/\/lopar-apartman.com\/en\/wp-json\/wp\/v2\/pages\/849\/revisions"}],"wp:attachment":[{"href":"https:\/\/lopar-apartman.com\/en\/wp-json\/wp\/v2\/media?parent=849"}],"curies":[{"name":"wp","href":"https:\/\/api.w.org\/{rel}","templated":true}]}}